{"id":4785,"date":"2023-05-24T11:14:53","date_gmt":"2023-05-24T09:14:53","guid":{"rendered":"https:\/\/notesdemonjardin.be\/?page_id=4785"},"modified":"2023-05-25T11:32:55","modified_gmt":"2023-05-25T09:32:55","slug":"datenschutzrichtlinie","status":"publish","type":"page","link":"https:\/\/notesdemonjardin.be\/de\/datenschutzrichtlinie\/","title":{"rendered":"Datenschutzrichtlinie"},"content":{"rendered":"\t\t<div data-elementor-type=\"wp-page\" data-elementor-id=\"4785\" class=\"elementor elementor-4785 elementor-5\">\n\t\t\t\t\t\t<section class=\"elementor-section elementor-top-section elementor-element elementor-element-2f8d25dc elementor-section-boxed elementor-section-height-default elementor-section-height-default\" data-id=\"2f8d25dc\" data-element_type=\"section\" data-e-type=\"section\">\n\t\t\t\t\t\t<div class=\"elementor-container elementor-column-gap-default\">\n\t\t\t\t\t<div class=\"elementor-column elementor-col-100 elementor-top-column elementor-element elementor-element-65197917\" data-id=\"65197917\" data-element_type=\"column\" data-e-type=\"column\">\n\t\t\t<div class=\"elementor-widget-wrap elementor-element-populated\">\n\t\t\t\t\t\t<div class=\"elementor-element elementor-element-35575bfc elementor-widget elementor-widget-text-editor\" data-id=\"35575bfc\" data-element_type=\"widget\" data-e-type=\"widget\" data-widget_type=\"text-editor.default\">\n\t\t\t\t<div class=\"elementor-widget-container\">\n\t\t\t\t\t\t\t\t\t<h2>Wer sind wir?<\/h2>\nDie Adresse unserer Website ist: https:\/\/notesdemonjardin.be.\n<h2>Verwendung der gesammelten pers\u00f6nlichen Daten<\/h2>\n<h3>Kommentare<\/h3>\nWenn Sie einen Kommentar auf unserer Website hinterlassen, werden die im Kommentarformular eingetragenen Daten, aber auch Ihre IP-Adresse und der User Agent Ihres Browsers gesammelt, um uns bei der Erkennung unerw\u00fcnschter Kommentare zu helfen.\n\nEine aus Ihrer E-Mail-Adresse erstellte anonymisierte Zeichenfolge (auch Hash genannt) kann an den Gravatar-Dienst gesendet werden, um zu \u00fcberpr\u00fcfen, ob Sie diesen nutzen. Die Datenschutzbestimmungen des Gravatar-Dienstes finden Sie hier: https:\/\/automattic.com\/privacy\/. Nachdem Sie Ihren Kommentar freigeschaltet haben, wird Ihr Profilbild neben Ihrem Kommentar \u00f6ffentlich sichtbar sein. \n<h3>Medien<\/h3>\nWenn Sie Bilder auf die Website hochladen, empfehlen wir Ihnen, keine Bilder hochzuladen, die EXIF-Daten von GPS-Koordinaten enthalten. Personen, die Ihre Website besuchen, k\u00f6nnen Standortdaten aus diesen Bildern herunterladen und extrahieren.\n<h3>Kontaktformulare<\/h3>\n<h3>Cookies<\/h3>\nWenn Sie einen Kommentar auf unserer Seite abgeben, wird Ihnen angeboten, Ihren Namen, Ihre E-Mail-Adresse und Ihren Standort in Cookies zu speichern. Dies dient lediglich Ihrer Bequemlichkeit, damit Sie diese Informationen nicht eingeben m\u00fcssen, wenn Sie sp\u00e4ter einen weiteren Kommentar abgeben. Diese Cookies laufen nach einem Jahr ab.\n\nWenn Sie die Anmeldeseite aufrufen, wird ein tempor\u00e4res Cookie erstellt, um festzustellen, ob Ihr Browser Cookies akzeptiert. Sie enth\u00e4lt keine pers\u00f6nlichen Daten und wird automatisch gel\u00f6scht, wenn Sie Ihren Browser schlie\u00dfen.\n\nWenn Sie sich anmelden, setzen wir eine Reihe von Cookies, um Ihre Anmeldeinformationen und Bildschirmeinstellungen zu speichern. Die Lebensdauer eines Anmelde-Cookies betr\u00e4gt zwei Tage, die eines Bildschirmoptions-Cookies ein Jahr. Wenn Sie &#8222;An mich erinnern&#8220; ankreuzen, wird Ihr Anmelde-Cookie zwei Wochen lang gespeichert. Wenn Sie sich von Ihrem Konto abmelden, wird das Anmelde-Cookie gel\u00f6scht.\n\nWenn Sie einen Beitrag bearbeiten oder ver\u00f6ffentlichen, wird ein zus\u00e4tzliches Cookie in Ihrem Browser gespeichert. Dieses Cookie enth\u00e4lt keine personenbezogenen Daten. Er gibt lediglich die ID des Beitrags an, den Sie gerade bearbeitet haben. Er l\u00e4uft nach einem Tag ab.\n<h3>Von anderen Seiten eingebettete Inhalte<\/h3>\nDie Artikel auf dieser Website k\u00f6nnen eingebettete Inhalte enthalten (z. B. Videos, Bilder, Artikel &#8230;). Die Artikel auf dieser Website k\u00f6nnen eingebettete Inhalte enthalten (z. B. Videos, Bilder, Artikel &#8230;).\n\nInhalte, die von anderen Websites eingebunden werden, verhalten sich genauso, als w\u00fcrde der Besucher diese andere Website besuchen.\n<h3>Statistiken und Messung des Publikums<\/h3>\n<h2>Verwendung und Weitergabe Ihrer pers\u00f6nlichen Daten<\/h2>\nVerwendung und Weitergabe Ihrer pers\u00f6nlichen Daten\n<h2>Speicherfristen f\u00fcr Ihre Daten<\/h2>\nWenn Sie einen Kommentar hinterlassen, werden der Kommentar und seine Metadaten auf unbestimmte Zeit gespeichert. Dadurch werden nachfolgende Kommentare automatisch erkannt und genehmigt, anstatt sie in der Moderationswarteschlange zu belassen.\n\nF\u00fcr Konten, die sich auf unserer Seite registrieren (falls zutreffend), speichern wir auch die in ihrem Profil angegebenen pers\u00f6nlichen Daten. Alle Konten k\u00f6nnen ihre pers\u00f6nlichen Informationen jederzeit einsehen, \u00e4ndern oder l\u00f6schen (mit Ausnahme ihres Benutzernamens). Auch die Verwalter der Website k\u00f6nnen diese Informationen einsehen und \u00e4ndern.\n<h2>Die Rechte, die Sie \u00fcber Ihre Daten haben<\/h2>\nWenn Sie ein Benutzerkonto haben oder Kommentare auf der Website hinterlassen haben, k\u00f6nnen Sie eine Datei anfordern, die alle personenbezogenen Daten enth\u00e4lt, die wir \u00fcber Sie haben, einschlie\u00dflich der Daten, die Sie uns zur Verf\u00fcgung gestellt haben. Sie k\u00f6nnen auch die L\u00f6schung Ihrer personenbezogenen Daten verlangen. Dies gilt nicht f\u00fcr Daten, die f\u00fcr administrative, rechtliche oder Sicherheitszwecke gespeichert werden.\n<h2>\u00dcbermittlung Ihrer pers\u00f6nlichen Daten<\/h2>\nDie Kommentare von Besuchern k\u00f6nnen mithilfe eines automatisierten Dienstes zur Erkennung unerw\u00fcnschter Kommentare \u00fcberpr\u00fcft werden.\n<h2>Kontaktinformationen<\/h2>\n<h2>Zus\u00e4tzliche Informationen<\/h2>\n<h3>Wie wir Ihre Daten sch\u00fctzen<\/h3>\n<h3>Umgesetzte Verfahren im Falle eines Datenlecks<\/h3>\n<h3>Drittanbieterdienste, die uns Daten \u00fcbermitteln<\/h3>\n<h3>Automatisiertes Marketing und\/oder Profiling, das mithilfe personenbezogener Daten durchgef\u00fchrt wird<\/h3>\n<h3>Anzeige von Informationen im Zusammenhang mit Sektoren, die spezifischen Regulierungen unterliegen<\/h3>\t\t\t\t\t\t\t\t<\/div>\n\t\t\t\t<\/div>\n\t\t\t\t\t<\/div>\n\t\t<\/div>\n\t\t\t\t\t<\/div>\n\t\t<\/section>\n\t\t\t\t<\/div>\n\t\t","protected":false},"excerpt":{"rendered":"<p>Wer sind wir? Die Adresse unserer Website ist: https:\/\/notesdemonjardin.be. Verwendung der gesammelten pers\u00f6nlichen Daten Kommentare Wenn Sie einen Kommentar auf unserer Website hinterlassen, werden die im Kommentarformular eingetragenen Daten, aber auch Ihre IP-Adresse und der User Agent Ihres Browsers gesammelt, um uns bei der Erkennung unerw\u00fcnschter Kommentare zu helfen. Eine aus Ihrer E-Mail-Adresse erstellte anonymisierte [&hellip;]<\/p>\n","protected":false},"author":1,"featured_media":0,"parent":0,"menu_order":0,"comment_status":"closed","ping_status":"closed","template":"","meta":{"footnotes":""},"class_list":["post-4785","page","type-page","status-publish","hentry"],"_links":{"self":[{"href":"https:\/\/notesdemonjardin.be\/de\/wp-json\/wp\/v2\/pages\/4785","targetHints":{"allow":["GET"]}}],"collection":[{"href":"https:\/\/notesdemonjardin.be\/de\/wp-json\/wp\/v2\/pages"}],"about":[{"href":"https:\/\/notesdemonjardin.be\/de\/wp-json\/wp\/v2\/types\/page"}],"author":[{"embeddable":true,"href":"https:\/\/notesdemonjardin.be\/de\/wp-json\/wp\/v2\/users\/1"}],"replies":[{"embeddable":true,"href":"https:\/\/notesdemonjardin.be\/de\/wp-json\/wp\/v2\/comments?post=4785"}],"version-history":[{"count":2,"href":"https:\/\/notesdemonjardin.be\/de\/wp-json\/wp\/v2\/pages\/4785\/revisions"}],"predecessor-version":[{"id":4823,"href":"https:\/\/notesdemonjardin.be\/de\/wp-json\/wp\/v2\/pages\/4785\/revisions\/4823"}],"wp:attachment":[{"href":"https:\/\/notesdemonjardin.be\/de\/wp-json\/wp\/v2\/media?parent=4785"}],"curies":[{"name":"wp","href":"https:\/\/api.w.org\/{rel}","templated":true}]}}