{"id":3527,"date":"2023-05-08T14:15:38","date_gmt":"2023-05-08T12:15:38","guid":{"rendered":"https:\/\/notesdemonjardin.be\/?page_id=3527"},"modified":"2023-05-08T16:25:58","modified_gmt":"2023-05-08T14:25:58","slug":"nos-valeurs","status":"publish","type":"page","link":"https:\/\/notesdemonjardin.be\/de\/nos-valeurs\/","title":{"rendered":"UNSERE WERTE"},"content":{"rendered":"\t\t<div data-elementor-type=\"wp-page\" data-elementor-id=\"3527\" class=\"elementor elementor-3527 elementor-3521\">\n\t\t\t\t\t\t<section class=\"elementor-section elementor-top-section elementor-element elementor-element-6c8d588 elementor-section-stretched elementor-section-boxed elementor-section-height-default elementor-section-height-default\" data-id=\"6c8d588\" data-element_type=\"section\" data-e-type=\"section\" data-settings=\"{&quot;stretch_section&quot;:&quot;section-stretched&quot;,&quot;background_background&quot;:&quot;classic&quot;}\">\n\t\t\t\t\t\t<div class=\"elementor-container elementor-column-gap-default\">\n\t\t\t\t\t<div class=\"elementor-column elementor-col-100 elementor-top-column elementor-element elementor-element-e4427cc\" data-id=\"e4427cc\" data-element_type=\"column\" data-e-type=\"column\">\n\t\t\t<div class=\"elementor-widget-wrap elementor-element-populated\">\n\t\t\t\t\t\t<section class=\"elementor-section elementor-inner-section elementor-element elementor-element-af0f074 elementor-section-content-middle elementor-section-boxed elementor-section-height-default elementor-section-height-default\" data-id=\"af0f074\" data-element_type=\"section\" data-e-type=\"section\">\n\t\t\t\t\t\t<div class=\"elementor-container elementor-column-gap-default\">\n\t\t\t\t\t<div class=\"elementor-column elementor-col-50 elementor-inner-column elementor-element elementor-element-bf10c4f\" data-id=\"bf10c4f\" data-element_type=\"column\" data-e-type=\"column\">\n\t\t\t<div class=\"elementor-widget-wrap elementor-element-populated\">\n\t\t\t\t\t\t<div class=\"elementor-element elementor-element-70ccdd5 elementor-widget elementor-widget-image\" data-id=\"70ccdd5\" data-element_type=\"widget\" data-e-type=\"widget\" data-widget_type=\"image.default\">\n\t\t\t\t<div class=\"elementor-widget-container\">\n\t\t\t\t\t\t\t\t\t\t\t\t\t\t\t<img fetchpriority=\"high\" decoding=\"async\" width=\"519\" height=\"519\" src=\"https:\/\/notesdemonjardin.be\/wp-content\/uploads\/2021\/01\/bio-1.png\" class=\"attachment-full size-full wp-image-3523\" alt=\"\" srcset=\"https:\/\/notesdemonjardin.be\/wp-content\/uploads\/2021\/01\/bio-1.png 519w, https:\/\/notesdemonjardin.be\/wp-content\/uploads\/2021\/01\/bio-1-300x300.png 300w, https:\/\/notesdemonjardin.be\/wp-content\/uploads\/2021\/01\/bio-1-150x150.png 150w\" sizes=\"(max-width: 519px) 100vw, 519px\" \/>\t\t\t\t\t\t\t\t\t\t\t\t\t\t\t<\/div>\n\t\t\t\t<\/div>\n\t\t\t\t\t<\/div>\n\t\t<\/div>\n\t\t\t\t<div class=\"elementor-column elementor-col-50 elementor-inner-column elementor-element elementor-element-675d40d\" data-id=\"675d40d\" data-element_type=\"column\" data-e-type=\"column\">\n\t\t\t<div class=\"elementor-widget-wrap elementor-element-populated\">\n\t\t\t\t\t\t<div class=\"elementor-element elementor-element-6e190f4 elementor-widget elementor-widget-heading\" data-id=\"6e190f4\" data-element_type=\"widget\" data-e-type=\"widget\" data-widget_type=\"heading.default\">\n\t\t\t\t<div class=\"elementor-widget-container\">\n\t\t\t\t\t<h2 class=\"elementor-heading-title elementor-size-default\">BIO<\/h2>\t\t\t\t<\/div>\n\t\t\t\t<\/div>\n\t\t\t\t<div class=\"elementor-element elementor-element-82a1e86 elementor-widget elementor-widget-text-editor\" data-id=\"82a1e86\" data-element_type=\"widget\" data-e-type=\"widget\" data-widget_type=\"text-editor.default\">\n\t\t\t\t<div class=\"elementor-widget-container\">\n\t\t\t\t\t\t\t\t\t<p>Unser gesamtes Gem\u00fcse stammt aus biologischem Anbau, der im Mittelpunkt unserer Werte steht.<\/p>\t\t\t\t\t\t\t\t<\/div>\n\t\t\t\t<\/div>\n\t\t\t\t<div class=\"elementor-element elementor-element-bfb8623 elementor-widget elementor-widget-text-editor\" data-id=\"bfb8623\" data-element_type=\"widget\" data-e-type=\"widget\" data-widget_type=\"text-editor.default\">\n\t\t\t\t<div class=\"elementor-widget-container\">\n\t\t\t\t\t\t\t\t\t<p>Es liegt uns am Herzen, f\u00fcr eine umwelt- und menschenfreundliche Produktion einzutreten. Seit jeher stammt unser gesamtes Gem\u00fcse aus biologischem Anbau, vorzugsweise aus der Region.<br \/>Dar\u00fcber hinaus hoffen wir, durch den einzigartigen und authentischen Geschmack unserer Produkte einen Beitrag gegen die Standardisierung des Geschmacks leisten zu k\u00f6nnen.<\/p>\t\t\t\t\t\t\t\t<\/div>\n\t\t\t\t<\/div>\n\t\t\t\t\t<\/div>\n\t\t<\/div>\n\t\t\t\t\t<\/div>\n\t\t<\/section>\n\t\t\t\t\t<\/div>\n\t\t<\/div>\n\t\t\t\t\t<\/div>\n\t\t<\/section>\n\t\t\t\t<section class=\"elementor-section elementor-top-section elementor-element elementor-element-22db71d elementor-section-stretched elementor-section-boxed elementor-section-height-default elementor-section-height-default\" data-id=\"22db71d\" data-element_type=\"section\" data-e-type=\"section\" data-settings=\"{&quot;stretch_section&quot;:&quot;section-stretched&quot;,&quot;background_background&quot;:&quot;classic&quot;}\">\n\t\t\t\t\t\t<div class=\"elementor-container elementor-column-gap-default\">\n\t\t\t\t\t<div class=\"elementor-column elementor-col-100 elementor-top-column elementor-element elementor-element-20bfc5e\" data-id=\"20bfc5e\" data-element_type=\"column\" data-e-type=\"column\">\n\t\t\t<div class=\"elementor-widget-wrap elementor-element-populated\">\n\t\t\t\t\t\t<section class=\"elementor-section elementor-inner-section elementor-element elementor-element-7a7334f elementor-section-content-middle elementor-section-boxed elementor-section-height-default elementor-section-height-default\" data-id=\"7a7334f\" data-element_type=\"section\" data-e-type=\"section\">\n\t\t\t\t\t\t<div class=\"elementor-container elementor-column-gap-default\">\n\t\t\t\t\t<div class=\"elementor-column elementor-col-50 elementor-inner-column elementor-element elementor-element-43d38b0 pr-lg-4\" data-id=\"43d38b0\" data-element_type=\"column\" data-e-type=\"column\">\n\t\t\t<div class=\"elementor-widget-wrap elementor-element-populated\">\n\t\t\t\t\t\t<div class=\"elementor-element elementor-element-d8a8f6a elementor-widget elementor-widget-heading\" data-id=\"d8a8f6a\" data-element_type=\"widget\" data-e-type=\"widget\" data-widget_type=\"heading.default\">\n\t\t\t\t<div class=\"elementor-widget-container\">\n\t\t\t\t\t<h2 class=\"elementor-heading-title elementor-size-default\">DER GESCHMACK<\/h2>\t\t\t\t<\/div>\n\t\t\t\t<\/div>\n\t\t\t\t<div class=\"elementor-element elementor-element-59d3678 elementor-widget elementor-widget-text-editor\" data-id=\"59d3678\" data-element_type=\"widget\" data-e-type=\"widget\" data-widget_type=\"text-editor.default\">\n\t\t\t\t<div class=\"elementor-widget-container\">\n\t\t\t\t\t\t\t\t\t<p>Die Suche nach Mischungen und Texturen mit unvergleichlichem Geschmack ist unser t\u00e4gliches Anliegen.<\/p>\t\t\t\t\t\t\t\t<\/div>\n\t\t\t\t<\/div>\n\t\t\t\t<div class=\"elementor-element elementor-element-7ba541f elementor-widget elementor-widget-text-editor\" data-id=\"7ba541f\" data-element_type=\"widget\" data-e-type=\"widget\" data-widget_type=\"text-editor.default\">\n\t\t\t\t<div class=\"elementor-widget-container\">\n\t\t\t\t\t\t\t\t\t<p>Das ultimative Ziel von Notes de mon Jardin ist es, Qualit\u00e4tsprodukte zu veredeln und einen einzigartigen Geschmack zu erzeugen.<br \/>Wir heben Gem\u00fcse durch die feine und erlesene Kombination von Gew\u00fcrzen und aromatischen Pflanzen hervor.<\/p><p>Im Laufe der Jahreszeiten verarbeiten wir alle Gem\u00fcsesorten, von den unumg\u00e4nglichen bis zu den vergessenen wie Pastinake, Steckr\u00fcbe, Petersilienwurzel, &#8230;<\/p><p>Um eine Standardisierung der Produkte und ihres Geschmacks zu vermeiden, suchen wir st\u00e4ndig nach neuen Ideen, sowohl f\u00fcr die Rezepte als auch f\u00fcr die Herstellungsverfahren und die Texturen. Wir haben insbesondere eine Alternative zur Pasteurisierung von frischen Suppen entwickelt, um den Geschmack jedes Gem\u00fcses zu entfalten.<\/p>\t\t\t\t\t\t\t\t<\/div>\n\t\t\t\t<\/div>\n\t\t\t\t\t<\/div>\n\t\t<\/div>\n\t\t\t\t<div class=\"elementor-column elementor-col-50 elementor-inner-column elementor-element elementor-element-084590a\" data-id=\"084590a\" data-element_type=\"column\" data-e-type=\"column\">\n\t\t\t<div class=\"elementor-widget-wrap elementor-element-populated\">\n\t\t\t\t\t\t<div class=\"elementor-element elementor-element-cde1317 elementor-widget elementor-widget-image\" data-id=\"cde1317\" data-element_type=\"widget\" data-e-type=\"widget\" data-widget_type=\"image.default\">\n\t\t\t\t<div class=\"elementor-widget-container\">\n\t\t\t\t\t\t\t\t\t\t\t\t\t\t\t<img decoding=\"async\" width=\"519\" height=\"519\" src=\"https:\/\/notesdemonjardin.be\/wp-content\/uploads\/2021\/01\/environnement-1.png\" class=\"attachment-full size-full wp-image-3524\" alt=\"\" srcset=\"https:\/\/notesdemonjardin.be\/wp-content\/uploads\/2021\/01\/environnement-1.png 519w, https:\/\/notesdemonjardin.be\/wp-content\/uploads\/2021\/01\/environnement-1-300x300.png 300w, https:\/\/notesdemonjardin.be\/wp-content\/uploads\/2021\/01\/environnement-1-150x150.png 150w\" sizes=\"(max-width: 519px) 100vw, 519px\" \/>\t\t\t\t\t\t\t\t\t\t\t\t\t\t\t<\/div>\n\t\t\t\t<\/div>\n\t\t\t\t\t<\/div>\n\t\t<\/div>\n\t\t\t\t\t<\/div>\n\t\t<\/section>\n\t\t\t\t\t<\/div>\n\t\t<\/div>\n\t\t\t\t\t<\/div>\n\t\t<\/section>\n\t\t\t\t<section class=\"elementor-section elementor-top-section elementor-element elementor-element-3fc7ec2 elementor-section-stretched elementor-section-boxed elementor-section-height-default elementor-section-height-default\" data-id=\"3fc7ec2\" data-element_type=\"section\" data-e-type=\"section\" data-settings=\"{&quot;stretch_section&quot;:&quot;section-stretched&quot;,&quot;background_background&quot;:&quot;classic&quot;}\">\n\t\t\t\t\t\t<div class=\"elementor-container elementor-column-gap-default\">\n\t\t\t\t\t<div class=\"elementor-column elementor-col-100 elementor-top-column elementor-element elementor-element-8efd181\" data-id=\"8efd181\" data-element_type=\"column\" data-e-type=\"column\">\n\t\t\t<div class=\"elementor-widget-wrap elementor-element-populated\">\n\t\t\t\t\t\t<section class=\"elementor-section elementor-inner-section elementor-element elementor-element-af3c883 elementor-section-content-middle elementor-section-boxed elementor-section-height-default elementor-section-height-default\" data-id=\"af3c883\" data-element_type=\"section\" data-e-type=\"section\">\n\t\t\t\t\t\t<div class=\"elementor-container elementor-column-gap-default\">\n\t\t\t\t\t<div class=\"elementor-column elementor-col-50 elementor-inner-column elementor-element elementor-element-0ceb679\" data-id=\"0ceb679\" data-element_type=\"column\" data-e-type=\"column\">\n\t\t\t<div class=\"elementor-widget-wrap elementor-element-populated\">\n\t\t\t\t\t\t<div class=\"elementor-element elementor-element-93be37e elementor-widget elementor-widget-image\" data-id=\"93be37e\" data-element_type=\"widget\" data-e-type=\"widget\" data-widget_type=\"image.default\">\n\t\t\t\t<div class=\"elementor-widget-container\">\n\t\t\t\t\t\t\t\t\t\t\t\t\t\t\t<img decoding=\"async\" width=\"519\" height=\"519\" src=\"https:\/\/notesdemonjardin.be\/wp-content\/uploads\/2021\/01\/securite-1.png\" class=\"attachment-full size-full wp-image-3525\" alt=\"\" srcset=\"https:\/\/notesdemonjardin.be\/wp-content\/uploads\/2021\/01\/securite-1.png 519w, https:\/\/notesdemonjardin.be\/wp-content\/uploads\/2021\/01\/securite-1-300x300.png 300w, https:\/\/notesdemonjardin.be\/wp-content\/uploads\/2021\/01\/securite-1-150x150.png 150w\" sizes=\"(max-width: 519px) 100vw, 519px\" \/>\t\t\t\t\t\t\t\t\t\t\t\t\t\t\t<\/div>\n\t\t\t\t<\/div>\n\t\t\t\t\t<\/div>\n\t\t<\/div>\n\t\t\t\t<div class=\"elementor-column elementor-col-50 elementor-inner-column elementor-element elementor-element-be34ec4\" data-id=\"be34ec4\" data-element_type=\"column\" data-e-type=\"column\">\n\t\t\t<div class=\"elementor-widget-wrap elementor-element-populated\">\n\t\t\t\t\t\t<div class=\"elementor-element elementor-element-91bb197 elementor-widget elementor-widget-heading\" data-id=\"91bb197\" data-element_type=\"widget\" data-e-type=\"widget\" data-widget_type=\"heading.default\">\n\t\t\t\t<div class=\"elementor-widget-container\">\n\t\t\t\t\t<h2 class=\"elementor-heading-title elementor-size-default\">UMWELTBEWUSSTE QUALIT\u00c4T<\/h2>\t\t\t\t<\/div>\n\t\t\t\t<\/div>\n\t\t\t\t<div class=\"elementor-element elementor-element-313a903 elementor-widget elementor-widget-text-editor\" data-id=\"313a903\" data-element_type=\"widget\" data-e-type=\"widget\" data-widget_type=\"text-editor.default\">\n\t\t\t\t<div class=\"elementor-widget-container\">\n\t\t\t\t\t\t\t\t\t<p>Qualit\u00e4tsprodukte anzubieten, die einem umweltbewussten Ansatz folgen und die strengsten Herstellungsstandards erf\u00fcllen &#8211; das ist m\u00f6glich!<\/p>\t\t\t\t\t\t\t\t<\/div>\n\t\t\t\t<\/div>\n\t\t\t\t<div class=\"elementor-element elementor-element-796a6fb elementor-widget elementor-widget-text-editor\" data-id=\"796a6fb\" data-element_type=\"widget\" data-e-type=\"widget\" data-widget_type=\"text-editor.default\">\n\t\t\t\t<div class=\"elementor-widget-container\">\n\t\t\t\t\t\t\t\t\t<p>Qualit\u00e4t ist unsere Priorit\u00e4t, und zwar in allen Phasen des Herstellungsprozesses.<\/p><p>Unsere 1.200 m\u00b2 gro\u00dfe Werkstatt ist IFS-zertifiziert und erf\u00fcllt alle geltenden Hygienestandards. Der Herstellungsprozess wurde so gestaltet, dass jeder Produktionsschritt optimiert wird und m\u00f6glichst wenig Abfall entsteht.<\/p><p>In Notes de mon Jardin f\u00f6rdern wir kurze Wege und w\u00e4hlen unsere Lieferanten von Biogem\u00fcse, -gew\u00fcrzen und -kr\u00e4utern sorgf\u00e4ltig aus.<\/p><p>Dar\u00fcber hinaus ist die R\u00fcckverfolgbarkeit aller unserer Produkte durch unser computergest\u00fctztes Produktionssystem gew\u00e4hrleistet. Schlie\u00dflich sortieren und recyceln wir unsere Verpackungen und Abf\u00e4lle. Die t\u00e4gliche Reinigung erfolgt mit Hilfe von enzymatischen Produkten, die umweltfreundlicher sind. Wir denken auch dar\u00fcber nach, ein Clean Label zu erhalten, um unseren \u00f6kologisch verantwortungsvollen Ansatz fortzusetzen.<\/p>\t\t\t\t\t\t\t\t<\/div>\n\t\t\t\t<\/div>\n\t\t\t\t\t<\/div>\n\t\t<\/div>\n\t\t\t\t\t<\/div>\n\t\t<\/section>\n\t\t\t\t\t<\/div>\n\t\t<\/div>\n\t\t\t\t\t<\/div>\n\t\t<\/section>\n\t\t\t\t<section class=\"elementor-section elementor-top-section elementor-element elementor-element-bea1add elementor-section-full_width elementor-section-stretched elementor-section-height-default elementor-section-height-default\" data-id=\"bea1add\" data-element_type=\"section\" data-e-type=\"section\" data-settings=\"{&quot;stretch_section&quot;:&quot;section-stretched&quot;}\">\n\t\t\t\t\t\t<div class=\"elementor-container elementor-column-gap-no\">\n\t\t\t\t\t<div class=\"elementor-column elementor-col-100 elementor-top-column elementor-element elementor-element-37a601f\" data-id=\"37a601f\" data-element_type=\"column\" data-e-type=\"column\">\n\t\t\t<div class=\"elementor-widget-wrap elementor-element-populated\">\n\t\t\t\t\t\t<div class=\"elementor-element elementor-element-9f2c01b elementor-widget elementor-widget-image\" data-id=\"9f2c01b\" data-element_type=\"widget\" data-e-type=\"widget\" data-widget_type=\"image.default\">\n\t\t\t\t<div class=\"elementor-widget-container\">\n\t\t\t\t\t\t\t\t\t\t\t\t\t\t\t<img loading=\"lazy\" decoding=\"async\" width=\"1920\" height=\"687\" src=\"https:\/\/notesdemonjardin.be\/wp-content\/uploads\/2021\/01\/mosaique-valeurs-1.jpg\" class=\"attachment-full size-full wp-image-3526\" alt=\"\" srcset=\"https:\/\/notesdemonjardin.be\/wp-content\/uploads\/2021\/01\/mosaique-valeurs-1.jpg 1920w, https:\/\/notesdemonjardin.be\/wp-content\/uploads\/2021\/01\/mosaique-valeurs-1-300x107.jpg 300w, https:\/\/notesdemonjardin.be\/wp-content\/uploads\/2021\/01\/mosaique-valeurs-1-1024x366.jpg 1024w, https:\/\/notesdemonjardin.be\/wp-content\/uploads\/2021\/01\/mosaique-valeurs-1-768x275.jpg 768w, https:\/\/notesdemonjardin.be\/wp-content\/uploads\/2021\/01\/mosaique-valeurs-1-1536x550.jpg 1536w, https:\/\/notesdemonjardin.be\/wp-content\/uploads\/2021\/01\/mosaique-valeurs-1-1200x429.jpg 1200w\" sizes=\"(max-width: 1920px) 100vw, 1920px\" \/>\t\t\t\t\t\t\t\t\t\t\t\t\t\t\t<\/div>\n\t\t\t\t<\/div>\n\t\t\t\t\t<\/div>\n\t\t<\/div>\n\t\t\t\t\t<\/div>\n\t\t<\/section>\n\t\t\t\t<\/div>\n\t\t","protected":false},"excerpt":{"rendered":"<p>BIO Unser gesamtes Gem\u00fcse stammt aus biologischem Anbau, der im Mittelpunkt unserer Werte steht. Es liegt uns am Herzen, f\u00fcr eine umwelt- und menschenfreundliche Produktion einzutreten. Seit jeher stammt unser gesamtes Gem\u00fcse aus biologischem Anbau, vorzugsweise aus der Region. Dar\u00fcber hinaus hoffen wir, durch den einzigartigen und authentischen Geschmack unserer Produkte einen Beitrag gegen die [&hellip;]<\/p>\n","protected":false},"author":6,"featured_media":0,"parent":0,"menu_order":0,"comment_status":"closed","ping_status":"closed","template":"","meta":{"footnotes":""},"class_list":["post-3527","page","type-page","status-publish","hentry"],"_links":{"self":[{"href":"https:\/\/notesdemonjardin.be\/de\/wp-json\/wp\/v2\/pages\/3527","targetHints":{"allow":["GET"]}}],"collection":[{"href":"https:\/\/notesdemonjardin.be\/de\/wp-json\/wp\/v2\/pages"}],"about":[{"href":"https:\/\/notesdemonjardin.be\/de\/wp-json\/wp\/v2\/types\/page"}],"author":[{"embeddable":true,"href":"https:\/\/notesdemonjardin.be\/de\/wp-json\/wp\/v2\/users\/6"}],"replies":[{"embeddable":true,"href":"https:\/\/notesdemonjardin.be\/de\/wp-json\/wp\/v2\/comments?post=3527"}],"version-history":[{"count":21,"href":"https:\/\/notesdemonjardin.be\/de\/wp-json\/wp\/v2\/pages\/3527\/revisions"}],"predecessor-version":[{"id":3818,"href":"https:\/\/notesdemonjardin.be\/de\/wp-json\/wp\/v2\/pages\/3527\/revisions\/3818"}],"wp:attachment":[{"href":"https:\/\/notesdemonjardin.be\/de\/wp-json\/wp\/v2\/media?parent=3527"}],"curies":[{"name":"wp","href":"https:\/\/api.w.org\/{rel}","templated":true}]}}