{"id":3519,"date":"2023-05-08T14:13:45","date_gmt":"2023-05-08T12:13:45","guid":{"rendered":"https:\/\/notesdemonjardin.be\/?page_id=3519"},"modified":"2023-06-12T16:06:38","modified_gmt":"2023-06-12T14:06:38","slug":"notre-entreprise","status":"publish","type":"page","link":"https:\/\/notesdemonjardin.be\/de\/notre-entreprise\/","title":{"rendered":"UNSER GESCH\u00c4FT"},"content":{"rendered":"\t\t<div data-elementor-type=\"wp-page\" data-elementor-id=\"3519\" class=\"elementor elementor-3519 elementor-3514\">\n\t\t\t\t\t\t<section class=\"elementor-section elementor-top-section elementor-element elementor-element-829567d elementor-section-stretched elementor-section-boxed elementor-section-height-default elementor-section-height-default\" data-id=\"829567d\" data-element_type=\"section\" data-e-type=\"section\" data-settings=\"{&quot;stretch_section&quot;:&quot;section-stretched&quot;,&quot;background_background&quot;:&quot;classic&quot;}\">\n\t\t\t\t\t\t<div class=\"elementor-container elementor-column-gap-default\">\n\t\t\t\t\t<div class=\"elementor-column elementor-col-100 elementor-top-column elementor-element elementor-element-1c6ccd9\" data-id=\"1c6ccd9\" data-element_type=\"column\" data-e-type=\"column\">\n\t\t\t<div class=\"elementor-widget-wrap elementor-element-populated\">\n\t\t\t\t\t\t<section class=\"elementor-section elementor-inner-section elementor-element elementor-element-19001f0 elementor-section-content-middle elementor-section-boxed elementor-section-height-default elementor-section-height-default\" data-id=\"19001f0\" data-element_type=\"section\" data-e-type=\"section\">\n\t\t\t\t\t\t<div class=\"elementor-container elementor-column-gap-default\">\n\t\t\t\t\t<div class=\"elementor-column elementor-col-50 elementor-inner-column elementor-element elementor-element-c328198\" data-id=\"c328198\" data-element_type=\"column\" data-e-type=\"column\">\n\t\t\t<div class=\"elementor-widget-wrap elementor-element-populated\">\n\t\t\t\t\t\t<div class=\"elementor-element elementor-element-c833679 elementor-widget elementor-widget-image\" data-id=\"c833679\" data-element_type=\"widget\" data-e-type=\"widget\" data-widget_type=\"image.default\">\n\t\t\t\t<div class=\"elementor-widget-container\">\n\t\t\t\t\t\t\t\t\t\t\t\t\t\t\t<img fetchpriority=\"high\" decoding=\"async\" width=\"519\" height=\"519\" src=\"https:\/\/notesdemonjardin.be\/wp-content\/uploads\/2021\/01\/environnement-1.png\" class=\"attachment-full size-full wp-image-3524\" alt=\"\" srcset=\"https:\/\/notesdemonjardin.be\/wp-content\/uploads\/2021\/01\/environnement-1.png 519w, https:\/\/notesdemonjardin.be\/wp-content\/uploads\/2021\/01\/environnement-1-300x300.png 300w, https:\/\/notesdemonjardin.be\/wp-content\/uploads\/2021\/01\/environnement-1-150x150.png 150w\" sizes=\"(max-width: 519px) 100vw, 519px\" \/>\t\t\t\t\t\t\t\t\t\t\t\t\t\t\t<\/div>\n\t\t\t\t<\/div>\n\t\t\t\t\t<\/div>\n\t\t<\/div>\n\t\t\t\t<div class=\"elementor-column elementor-col-50 elementor-inner-column elementor-element elementor-element-9ecb1be\" data-id=\"9ecb1be\" data-element_type=\"column\" data-e-type=\"column\">\n\t\t\t<div class=\"elementor-widget-wrap elementor-element-populated\">\n\t\t\t\t\t\t<div class=\"elementor-element elementor-element-1a47405 elementor-widget elementor-widget-heading\" data-id=\"1a47405\" data-element_type=\"widget\" data-e-type=\"widget\" data-widget_type=\"heading.default\">\n\t\t\t\t<div class=\"elementor-widget-container\">\n\t\t\t\t\t<h2 class=\"elementor-heading-title elementor-size-default\">WAS IST UNSER GESCH\u00c4FT?<\/h2>\t\t\t\t<\/div>\n\t\t\t\t<\/div>\n\t\t\t\t<div class=\"elementor-element elementor-element-a06dba4 elementor-widget elementor-widget-text-editor\" data-id=\"a06dba4\" data-element_type=\"widget\" data-e-type=\"widget\" data-widget_type=\"text-editor.default\">\n\t\t\t\t<div class=\"elementor-widget-container\">\n\t\t\t\t\t\t\t\t\t<p>Unser Beruf ist das Gem\u00fcse in all seinen Formen zu deklinieren<\/p>\t\t\t\t\t\t\t\t<\/div>\n\t\t\t\t<\/div>\n\t\t\t\t<div class=\"elementor-element elementor-element-ed864aa elementor-widget elementor-widget-text-editor\" data-id=\"ed864aa\" data-element_type=\"widget\" data-e-type=\"widget\" data-widget_type=\"text-editor.default\">\n\t\t\t\t<div class=\"elementor-widget-container\">\n\t\t\t\t\t\t\t\t\t<p>Notes de mon Jardin, das ist ein Team von Handwerkern, das professionellen Gastronomen zur Seite steht, seien es Gro\u00dfh\u00e4ndler, Distributoren, Einzelh\u00e4ndler oder Gastronomen.<\/p><p>Wir kreieren duftende Suppen, herzhafte Quiches oder Tartes sowie vegetarische oder vegane Zubereitungen.<\/p><p>Jeden Tag wird unser Biogem\u00fcse in unserem Atelier in Tubize akribisch vorbereitet und gekocht, und zwar von K\u00f6chen, die darin geschult sind, die Zutaten und den Geschmack zu respektieren.<\/p><p>Sie k\u00f6nnen unsere Produkte auch direkt zu Hause verzehren, dank unseres Sortiments <a href=\"http:\/\/www.potagez.be\">Potagez!<\/a>.\u00a0<\/p>\t\t\t\t\t\t\t\t<\/div>\n\t\t\t\t<\/div>\n\t\t\t\t<div class=\"elementor-element elementor-element-d105f08 elementor-widget elementor-widget-button\" data-id=\"d105f08\" data-element_type=\"widget\" data-e-type=\"widget\" data-widget_type=\"button.default\">\n\t\t\t\t<div class=\"elementor-widget-container\">\n\t\t\t\t\t\t\t\t\t<div class=\"elementor-button-wrapper\">\n\t\t\t\t\t<a class=\"elementor-button elementor-button-link elementor-size-sm\" href=\"http:\/\/www.potagez.be\/\">\n\t\t\t\t\t\t<span class=\"elementor-button-content-wrapper\">\n\t\t\t\t\t\t\t\t\t<span class=\"elementor-button-text\">Mehr \u00fcber Potagez!<\/span>\n\t\t\t\t\t<\/span>\n\t\t\t\t\t<\/a>\n\t\t\t\t<\/div>\n\t\t\t\t\t\t\t\t<\/div>\n\t\t\t\t<\/div>\n\t\t\t\t\t<\/div>\n\t\t<\/div>\n\t\t\t\t\t<\/div>\n\t\t<\/section>\n\t\t\t\t\t<\/div>\n\t\t<\/div>\n\t\t\t\t\t<\/div>\n\t\t<\/section>\n\t\t\t\t<section class=\"elementor-section elementor-top-section elementor-element elementor-element-1d08c19 elementor-section-full_width elementor-section-height-default elementor-section-height-default\" data-id=\"1d08c19\" data-element_type=\"section\" data-e-type=\"section\">\n\t\t\t\t\t\t<div class=\"elementor-container elementor-column-gap-default\">\n\t\t\t\t\t<div class=\"elementor-column elementor-col-100 elementor-top-column elementor-element elementor-element-e1d9e87\" data-id=\"e1d9e87\" data-element_type=\"column\" data-e-type=\"column\">\n\t\t\t<div class=\"elementor-widget-wrap elementor-element-populated\">\n\t\t\t\t\t\t<div class=\"elementor-element elementor-element-1d3c3ca elementor-widget elementor-widget-image\" data-id=\"1d3c3ca\" data-element_type=\"widget\" data-e-type=\"widget\" data-widget_type=\"image.default\">\n\t\t\t\t<div class=\"elementor-widget-container\">\n\t\t\t\t\t\t\t\t\t\t\t\t\t\t\t<img decoding=\"async\" width=\"1445\" height=\"246\" src=\"https:\/\/notesdemonjardin.be\/wp-content\/uploads\/2023\/05\/02-illu-de.png\" class=\"attachment-full size-full wp-image-3890\" alt=\"\" srcset=\"https:\/\/notesdemonjardin.be\/wp-content\/uploads\/2023\/05\/02-illu-de.png 1445w, https:\/\/notesdemonjardin.be\/wp-content\/uploads\/2023\/05\/02-illu-de-300x51.png 300w, https:\/\/notesdemonjardin.be\/wp-content\/uploads\/2023\/05\/02-illu-de-1024x174.png 1024w, https:\/\/notesdemonjardin.be\/wp-content\/uploads\/2023\/05\/02-illu-de-768x131.png 768w, https:\/\/notesdemonjardin.be\/wp-content\/uploads\/2023\/05\/02-illu-de-1200x204.png 1200w\" sizes=\"(max-width: 1445px) 100vw, 1445px\" \/>\t\t\t\t\t\t\t\t\t\t\t\t\t\t\t<\/div>\n\t\t\t\t<\/div>\n\t\t\t\t\t<\/div>\n\t\t<\/div>\n\t\t\t\t\t<\/div>\n\t\t<\/section>\n\t\t\t\t<section class=\"elementor-section elementor-top-section elementor-element elementor-element-1cc9ad4 elementor-section-stretched elementor-section-boxed elementor-section-height-default elementor-section-height-default\" data-id=\"1cc9ad4\" data-element_type=\"section\" data-e-type=\"section\" data-settings=\"{&quot;stretch_section&quot;:&quot;section-stretched&quot;,&quot;background_background&quot;:&quot;classic&quot;}\">\n\t\t\t\t\t\t<div class=\"elementor-container elementor-column-gap-default\">\n\t\t\t\t\t<div class=\"elementor-column elementor-col-100 elementor-top-column elementor-element elementor-element-e6a8795\" data-id=\"e6a8795\" data-element_type=\"column\" data-e-type=\"column\">\n\t\t\t<div class=\"elementor-widget-wrap elementor-element-populated\">\n\t\t\t\t\t\t<section class=\"elementor-section elementor-inner-section elementor-element elementor-element-b86da48 elementor-section-content-middle elementor-section-boxed elementor-section-height-default elementor-section-height-default\" data-id=\"b86da48\" data-element_type=\"section\" data-e-type=\"section\">\n\t\t\t\t\t\t<div class=\"elementor-container elementor-column-gap-default\">\n\t\t\t\t\t<div class=\"elementor-column elementor-col-50 elementor-inner-column elementor-element elementor-element-cffa5b2\" data-id=\"cffa5b2\" data-element_type=\"column\" data-e-type=\"column\">\n\t\t\t<div class=\"elementor-widget-wrap elementor-element-populated\">\n\t\t\t\t\t\t<div class=\"elementor-element elementor-element-30a6fc8 elementor-widget elementor-widget-image\" data-id=\"30a6fc8\" data-element_type=\"widget\" data-e-type=\"widget\" data-widget_type=\"image.default\">\n\t\t\t\t<div class=\"elementor-widget-container\">\n\t\t\t\t\t\t\t\t\t\t\t\t\t\t\t<img decoding=\"async\" width=\"591\" height=\"487\" src=\"https:\/\/notesdemonjardin.be\/wp-content\/uploads\/2021\/01\/about-creator-1.png\" class=\"attachment-full size-full wp-image-3517\" alt=\"\" srcset=\"https:\/\/notesdemonjardin.be\/wp-content\/uploads\/2021\/01\/about-creator-1.png 591w, https:\/\/notesdemonjardin.be\/wp-content\/uploads\/2021\/01\/about-creator-1-300x247.png 300w\" sizes=\"(max-width: 591px) 100vw, 591px\" \/>\t\t\t\t\t\t\t\t\t\t\t\t\t\t\t<\/div>\n\t\t\t\t<\/div>\n\t\t\t\t\t<\/div>\n\t\t<\/div>\n\t\t\t\t<div class=\"elementor-column elementor-col-50 elementor-inner-column elementor-element elementor-element-491dd56\" data-id=\"491dd56\" data-element_type=\"column\" data-e-type=\"column\">\n\t\t\t<div class=\"elementor-widget-wrap elementor-element-populated\">\n\t\t\t\t\t\t<div class=\"elementor-element elementor-element-c535517 elementor-widget elementor-widget-heading\" data-id=\"c535517\" data-element_type=\"widget\" data-e-type=\"widget\" data-widget_type=\"heading.default\">\n\t\t\t\t<div class=\"elementor-widget-container\">\n\t\t\t\t\t<h2 class=\"elementor-heading-title elementor-size-default\">UNSERE GESCHICHTE<\/h2>\t\t\t\t<\/div>\n\t\t\t\t<\/div>\n\t\t\t\t<div class=\"elementor-element elementor-element-0ece6d0 elementor-widget elementor-widget-text-editor\" data-id=\"0ece6d0\" data-element_type=\"widget\" data-e-type=\"widget\" data-widget_type=\"text-editor.default\">\n\t\t\t\t<div class=\"elementor-widget-container\">\n\t\t\t\t\t\t\t\t\t<p>Notes de mon Jardin, ein belgisches Unternehmen, das 1994 von Philippe Debra gegr\u00fcndet wurde.<\/p>\t\t\t\t\t\t\t\t<\/div>\n\t\t\t\t<\/div>\n\t\t\t\t<div class=\"elementor-element elementor-element-33b61ff elementor-widget elementor-widget-text-editor\" data-id=\"33b61ff\" data-element_type=\"widget\" data-e-type=\"widget\" data-widget_type=\"text-editor.default\">\n\t\t\t\t<div class=\"elementor-widget-container\">\n\t\t\t\t\t\t\t\t\t<p>Seit ihrer Gr\u00fcndung stellt Notes Quiches und herzhafte Tartes f\u00fcr die hochwertige Gastronomie her.<\/p><p>Ende der Neunzigerjahre vollzog Philippe Debra eine entscheidende Wende, indem er seine Produktion auf biologische Produkte verlegte.<\/p><p>Im Jahr 2007 wurden auch die Suppen auf den Speiseplan der \u00a0Notes de mon Jardin gesetzt.<br \/>Eine neue Herausforderung zeichnete sich am Horizont ab: die Pasteurisierung zu vermeiden, die die Produkte standardisiert.<br \/>Nach reiflicher \u00dcberlegung und zahlreichen Versuchen fand er eine L\u00f6sung, um seine frischen Suppen ohne Pasteurisierung zu veredeln.<\/p><p>Die Zeit ist reif f\u00fcr die Kreation origineller Rezepte, die den Reichtum und die Vielfalt des saisonalen Gem\u00fcses in all seinen Formen aufzeigen.<\/p><p>Nach mehr als 10 Jahren im B2B-Bereich wurde die Marke <a href=\"http:\/\/www.potagez.be\">Potagez!<\/a> gegr\u00fcndet, um die Gaumen der Verbraucher direkt zu verw\u00f6hnen. Heute sind die kleinen Suppenverpackungen in zahlreichen Verkaufsstellen zu finden.<\/p>\t\t\t\t\t\t\t\t<\/div>\n\t\t\t\t<\/div>\n\t\t\t\t\t<\/div>\n\t\t<\/div>\n\t\t\t\t\t<\/div>\n\t\t<\/section>\n\t\t\t\t\t<\/div>\n\t\t<\/div>\n\t\t\t\t\t<\/div>\n\t\t<\/section>\n\t\t\t\t<section class=\"elementor-section elementor-top-section elementor-element elementor-element-44ed74d elementor-section-full_width elementor-section-stretched elementor-section-height-default elementor-section-height-default\" data-id=\"44ed74d\" data-element_type=\"section\" data-e-type=\"section\" data-settings=\"{&quot;stretch_section&quot;:&quot;section-stretched&quot;}\">\n\t\t\t\t\t\t<div class=\"elementor-container elementor-column-gap-no\">\n\t\t\t\t\t<div class=\"elementor-column elementor-col-100 elementor-top-column elementor-element elementor-element-69ce40a\" data-id=\"69ce40a\" data-element_type=\"column\" data-e-type=\"column\">\n\t\t\t<div class=\"elementor-widget-wrap elementor-element-populated\">\n\t\t\t\t\t\t<div class=\"elementor-element elementor-element-a1a3af6 elementor-widget elementor-widget-image\" data-id=\"a1a3af6\" data-element_type=\"widget\" data-e-type=\"widget\" data-widget_type=\"image.default\">\n\t\t\t\t<div class=\"elementor-widget-container\">\n\t\t\t\t\t\t\t\t\t\t\t\t\t\t\t<img loading=\"lazy\" decoding=\"async\" width=\"1920\" height=\"932\" src=\"https:\/\/notesdemonjardin.be\/wp-content\/uploads\/2021\/01\/mosaique-about-1.jpg\" class=\"attachment-full size-full wp-image-3518\" alt=\"\" srcset=\"https:\/\/notesdemonjardin.be\/wp-content\/uploads\/2021\/01\/mosaique-about-1.jpg 1920w, https:\/\/notesdemonjardin.be\/wp-content\/uploads\/2021\/01\/mosaique-about-1-300x146.jpg 300w, https:\/\/notesdemonjardin.be\/wp-content\/uploads\/2021\/01\/mosaique-about-1-1024x497.jpg 1024w, https:\/\/notesdemonjardin.be\/wp-content\/uploads\/2021\/01\/mosaique-about-1-768x373.jpg 768w, https:\/\/notesdemonjardin.be\/wp-content\/uploads\/2021\/01\/mosaique-about-1-1536x746.jpg 1536w, https:\/\/notesdemonjardin.be\/wp-content\/uploads\/2021\/01\/mosaique-about-1-1200x583.jpg 1200w\" sizes=\"(max-width: 1920px) 100vw, 1920px\" \/>\t\t\t\t\t\t\t\t\t\t\t\t\t\t\t<\/div>\n\t\t\t\t<\/div>\n\t\t\t\t\t<\/div>\n\t\t<\/div>\n\t\t\t\t\t<\/div>\n\t\t<\/section>\n\t\t\t\t<\/div>\n\t\t","protected":false},"excerpt":{"rendered":"<p>WAS IST UNSER GESCH\u00c4FT? Unser Beruf ist das Gem\u00fcse in all seinen Formen zu deklinierenNotes de mon Jardin, das ist ein Team von Handwerkern, das professionellen Gastronomen zur Seite steht, seien es Gro\u00dfh\u00e4ndler, Distributoren, Einzelh\u00e4ndler oder Gastronomen.Wir kreieren duftende Suppen, herzhafte Quiches oder Tartes sowie vegetarische oder vegane Zubereitungen.Jeden Tag wird unser Biogem\u00fcse in unserem [&hellip;]<\/p>\n","protected":false},"author":6,"featured_media":0,"parent":0,"menu_order":0,"comment_status":"closed","ping_status":"closed","template":"","meta":{"footnotes":""},"class_list":["post-3519","page","type-page","status-publish","hentry"],"_links":{"self":[{"href":"https:\/\/notesdemonjardin.be\/de\/wp-json\/wp\/v2\/pages\/3519","targetHints":{"allow":["GET"]}}],"collection":[{"href":"https:\/\/notesdemonjardin.be\/de\/wp-json\/wp\/v2\/pages"}],"about":[{"href":"https:\/\/notesdemonjardin.be\/de\/wp-json\/wp\/v2\/types\/page"}],"author":[{"embeddable":true,"href":"https:\/\/notesdemonjardin.be\/de\/wp-json\/wp\/v2\/users\/6"}],"replies":[{"embeddable":true,"href":"https:\/\/notesdemonjardin.be\/de\/wp-json\/wp\/v2\/comments?post=3519"}],"version-history":[{"count":38,"href":"https:\/\/notesdemonjardin.be\/de\/wp-json\/wp\/v2\/pages\/3519\/revisions"}],"predecessor-version":[{"id":4870,"href":"https:\/\/notesdemonjardin.be\/de\/wp-json\/wp\/v2\/pages\/3519\/revisions\/4870"}],"wp:attachment":[{"href":"https:\/\/notesdemonjardin.be\/de\/wp-json\/wp\/v2\/media?parent=3519"}],"curies":[{"name":"wp","href":"https:\/\/api.w.org\/{rel}","templated":true}]}}