{"id":3407,"date":"2023-05-08T13:35:42","date_gmt":"2023-05-08T11:35:42","guid":{"rendered":"https:\/\/notesdemonjardin.be\/unser-gekochtes-gemuese\/"},"modified":"2023-05-08T15:27:18","modified_gmt":"2023-05-08T13:27:18","slug":"unser-gekochtes-gemuese","status":"publish","type":"page","link":"https:\/\/notesdemonjardin.be\/de\/unser-gekochtes-gemuese\/","title":{"rendered":"UNSER GEKOCHTES GEM\u00dcSE"},"content":{"rendered":"\t\t<div data-elementor-type=\"wp-page\" data-elementor-id=\"3407\" class=\"elementor elementor-3407 elementor-1672\">\n\t\t\t\t\t\t<section class=\"elementor-section elementor-top-section elementor-element elementor-element-89def01 elementor-section-stretched elementor-section-boxed elementor-section-height-default elementor-section-height-default\" data-id=\"89def01\" data-element_type=\"section\" data-e-type=\"section\" data-settings=\"{&quot;stretch_section&quot;:&quot;section-stretched&quot;,&quot;background_background&quot;:&quot;classic&quot;}\">\n\t\t\t\t\t\t<div class=\"elementor-container elementor-column-gap-default\">\n\t\t\t\t\t<div class=\"elementor-column elementor-col-100 elementor-top-column elementor-element elementor-element-e9e3098\" data-id=\"e9e3098\" data-element_type=\"column\" data-e-type=\"column\">\n\t\t\t<div class=\"elementor-widget-wrap elementor-element-populated\">\n\t\t\t\t\t\t<section class=\"elementor-section elementor-inner-section elementor-element elementor-element-fd912f3 elementor-section-boxed elementor-section-height-default elementor-section-height-default\" data-id=\"fd912f3\" data-element_type=\"section\" data-e-type=\"section\">\n\t\t\t\t\t\t<div class=\"elementor-container elementor-column-gap-default\">\n\t\t\t\t\t<div class=\"elementor-column elementor-col-33 elementor-inner-column elementor-element elementor-element-fa3673d\" data-id=\"fa3673d\" data-element_type=\"column\" data-e-type=\"column\">\n\t\t\t<div class=\"elementor-widget-wrap elementor-element-populated\">\n\t\t\t\t\t\t<div class=\"elementor-element elementor-element-124faa2 ct-ft-2 elementor-position-top elementor-widget elementor-widget-image-box\" data-id=\"124faa2\" data-element_type=\"widget\" data-e-type=\"widget\" data-widget_type=\"image-box.default\">\n\t\t\t\t<div class=\"elementor-widget-container\">\n\t\t\t\t\t<div class=\"elementor-image-box-wrapper\"><figure class=\"elementor-image-box-img\"><a href=\"https:\/\/notesdemonjardin.be\/de\/curry-aux-12-epices\/\" tabindex=\"-1\"><img fetchpriority=\"high\" decoding=\"async\" width=\"872\" height=\"872\" src=\"https:\/\/notesdemonjardin.be\/wp-content\/uploads\/2021\/01\/Curry-1.png\" class=\"attachment-full size-full wp-image-3408\" alt=\"\" srcset=\"https:\/\/notesdemonjardin.be\/wp-content\/uploads\/2021\/01\/Curry-1.png 872w, https:\/\/notesdemonjardin.be\/wp-content\/uploads\/2021\/01\/Curry-1-300x300.png 300w, https:\/\/notesdemonjardin.be\/wp-content\/uploads\/2021\/01\/Curry-1-150x150.png 150w, https:\/\/notesdemonjardin.be\/wp-content\/uploads\/2021\/01\/Curry-1-768x768.png 768w\" sizes=\"(max-width: 872px) 100vw, 872px\" \/><\/a><\/figure><div class=\"elementor-image-box-content\"><h3 class=\"elementor-image-box-title\"><a href=\"https:\/\/notesdemonjardin.be\/de\/curry-aux-12-epices\/\">Curry mit 12 Gew\u00fcrzen<\/a><\/h3><p class=\"elementor-image-box-description\">Auswahl an Gem\u00fcse der Saison, delikat gew\u00fcrzt und mit Kokosmilch aromatisiert<\/p><\/div><\/div>\t\t\t\t<\/div>\n\t\t\t\t<\/div>\n\t\t\t\t\t<\/div>\n\t\t<\/div>\n\t\t\t\t<div class=\"elementor-column elementor-col-33 elementor-inner-column elementor-element elementor-element-6c41c10\" data-id=\"6c41c10\" data-element_type=\"column\" data-e-type=\"column\">\n\t\t\t<div class=\"elementor-widget-wrap elementor-element-populated\">\n\t\t\t\t\t\t<div class=\"elementor-element elementor-element-71087a1 ct-ft-2 elementor-position-top elementor-widget elementor-widget-image-box\" data-id=\"71087a1\" data-element_type=\"widget\" data-e-type=\"widget\" data-widget_type=\"image-box.default\">\n\t\t\t\t<div class=\"elementor-widget-container\">\n\t\t\t\t\t<div class=\"elementor-image-box-wrapper\"><figure class=\"elementor-image-box-img\"><a href=\"https:\/\/notesdemonjardin.be\/de\/pot-au-feu-epice\/\" tabindex=\"-1\"><img decoding=\"async\" width=\"832\" height=\"838\" src=\"https:\/\/notesdemonjardin.be\/wp-content\/uploads\/2021\/01\/Pot-au-feu-final-1.png\" class=\"attachment-full size-full wp-image-3410\" alt=\"\" srcset=\"https:\/\/notesdemonjardin.be\/wp-content\/uploads\/2021\/01\/Pot-au-feu-final-1.png 832w, https:\/\/notesdemonjardin.be\/wp-content\/uploads\/2021\/01\/Pot-au-feu-final-1-298x300.png 298w, https:\/\/notesdemonjardin.be\/wp-content\/uploads\/2021\/01\/Pot-au-feu-final-1-150x150.png 150w, https:\/\/notesdemonjardin.be\/wp-content\/uploads\/2021\/01\/Pot-au-feu-final-1-768x774.png 768w\" sizes=\"(max-width: 832px) 100vw, 832px\" \/><\/a><\/figure><div class=\"elementor-image-box-content\"><h3 class=\"elementor-image-box-title\"><a href=\"https:\/\/notesdemonjardin.be\/de\/pot-au-feu-epice\/\">W\u00fcrziger Eintopf<\/a><\/h3><p class=\"elementor-image-box-description\">Gem\u00fcse der Saison, gekocht in einer Br\u00fche mit orientalischen Gew\u00fcrzen, ein Genuss<\/p><\/div><\/div>\t\t\t\t<\/div>\n\t\t\t\t<\/div>\n\t\t\t\t\t<\/div>\n\t\t<\/div>\n\t\t\t\t<div class=\"elementor-column elementor-col-33 elementor-inner-column elementor-element elementor-element-c42f13b\" data-id=\"c42f13b\" data-element_type=\"column\" data-e-type=\"column\">\n\t\t\t<div class=\"elementor-widget-wrap elementor-element-populated\">\n\t\t\t\t\t\t<div class=\"elementor-element elementor-element-dd971ad ct-ft-2 elementor-position-top elementor-widget elementor-widget-image-box\" data-id=\"dd971ad\" data-element_type=\"widget\" data-e-type=\"widget\" data-widget_type=\"image-box.default\">\n\t\t\t\t<div class=\"elementor-widget-container\">\n\t\t\t\t\t<div class=\"elementor-image-box-wrapper\"><figure class=\"elementor-image-box-img\"><a href=\"https:\/\/notesdemonjardin.be\/de\/duxelles\/\" tabindex=\"-1\"><img decoding=\"async\" width=\"872\" height=\"859\" src=\"https:\/\/notesdemonjardin.be\/wp-content\/uploads\/2021\/01\/Duxelles-champis-final-1.png\" class=\"attachment-full size-full wp-image-3409\" alt=\"\" srcset=\"https:\/\/notesdemonjardin.be\/wp-content\/uploads\/2021\/01\/Duxelles-champis-final-1.png 872w, https:\/\/notesdemonjardin.be\/wp-content\/uploads\/2021\/01\/Duxelles-champis-final-1-300x296.png 300w, https:\/\/notesdemonjardin.be\/wp-content\/uploads\/2021\/01\/Duxelles-champis-final-1-768x757.png 768w\" sizes=\"(max-width: 872px) 100vw, 872px\" \/><\/a><\/figure><div class=\"elementor-image-box-content\"><h3 class=\"elementor-image-box-title\"><a href=\"https:\/\/notesdemonjardin.be\/de\/duxelles\/\">Duxelles<\/a><\/h3><p class=\"elementor-image-box-description\">Fein gehackt begleiten unsere Austernpilze Ihre herbstlichen Kreationen<\/p><\/div><\/div>\t\t\t\t<\/div>\n\t\t\t\t<\/div>\n\t\t\t\t\t<\/div>\n\t\t<\/div>\n\t\t\t\t\t<\/div>\n\t\t<\/section>\n\t\t\t\t<section class=\"elementor-section elementor-inner-section elementor-element elementor-element-3175dc8 elementor-section-boxed elementor-section-height-default elementor-section-height-default\" data-id=\"3175dc8\" data-element_type=\"section\" data-e-type=\"section\">\n\t\t\t\t\t\t<div class=\"elementor-container elementor-column-gap-default\">\n\t\t\t\t\t<div class=\"elementor-column elementor-col-33 elementor-inner-column elementor-element elementor-element-22db91d\" data-id=\"22db91d\" data-element_type=\"column\" data-e-type=\"column\">\n\t\t\t<div class=\"elementor-widget-wrap elementor-element-populated\">\n\t\t\t\t\t\t<div class=\"elementor-element elementor-element-3046124 ct-ft-2 elementor-position-top elementor-widget elementor-widget-image-box\" data-id=\"3046124\" data-element_type=\"widget\" data-e-type=\"widget\" data-widget_type=\"image-box.default\">\n\t\t\t\t<div class=\"elementor-widget-container\">\n\t\t\t\t\t<div class=\"elementor-image-box-wrapper\"><figure class=\"elementor-image-box-img\"><a href=\"https:\/\/notesdemonjardin.be\/de\/bouquetiere\/\" tabindex=\"-1\"><img loading=\"lazy\" decoding=\"async\" width=\"872\" height=\"872\" src=\"https:\/\/notesdemonjardin.be\/wp-content\/uploads\/2021\/01\/Bouquetie\u0300re-de-le\u0301gumes-1.png\" class=\"attachment-full size-full wp-image-3413\" alt=\"\" srcset=\"https:\/\/notesdemonjardin.be\/wp-content\/uploads\/2021\/01\/Bouquetie\u0300re-de-le\u0301gumes-1.png 872w, https:\/\/notesdemonjardin.be\/wp-content\/uploads\/2021\/01\/Bouquetie\u0300re-de-le\u0301gumes-1-300x300.png 300w, https:\/\/notesdemonjardin.be\/wp-content\/uploads\/2021\/01\/Bouquetie\u0300re-de-le\u0301gumes-1-150x150.png 150w, https:\/\/notesdemonjardin.be\/wp-content\/uploads\/2021\/01\/Bouquetie\u0300re-de-le\u0301gumes-1-768x768.png 768w\" sizes=\"(max-width: 872px) 100vw, 872px\" \/><\/a><\/figure><div class=\"elementor-image-box-content\"><h3 class=\"elementor-image-box-title\"><a href=\"https:\/\/notesdemonjardin.be\/de\/bouquetiere\/\">Gem\u00fcsebouqueti\u00e8re<\/a><\/h3><p class=\"elementor-image-box-description\">Ein B\u00fcndel frisches gr\u00fcnes Gem\u00fcse zur Bereicherung Ihrer Beilagen<\/p><\/div><\/div>\t\t\t\t<\/div>\n\t\t\t\t<\/div>\n\t\t\t\t\t<\/div>\n\t\t<\/div>\n\t\t\t\t<div class=\"elementor-column elementor-col-33 elementor-inner-column elementor-element elementor-element-2e3ee87\" data-id=\"2e3ee87\" data-element_type=\"column\" data-e-type=\"column\">\n\t\t\t<div class=\"elementor-widget-wrap elementor-element-populated\">\n\t\t\t\t\t\t<div class=\"elementor-element elementor-element-03f71e3 ct-ft-2 elementor-position-top elementor-widget elementor-widget-image-box\" data-id=\"03f71e3\" data-element_type=\"widget\" data-e-type=\"widget\" data-widget_type=\"image-box.default\">\n\t\t\t\t<div class=\"elementor-widget-container\">\n\t\t\t\t\t<div class=\"elementor-image-box-wrapper\"><figure class=\"elementor-image-box-img\"><a href=\"https:\/\/notesdemonjardin.be\/de\/solognaise\/\" tabindex=\"-1\"><img loading=\"lazy\" decoding=\"async\" width=\"854\" height=\"860\" src=\"https:\/\/notesdemonjardin.be\/wp-content\/uploads\/2021\/01\/Solognaise-final-1.png\" class=\"attachment-full size-full wp-image-3412\" alt=\"\" srcset=\"https:\/\/notesdemonjardin.be\/wp-content\/uploads\/2021\/01\/Solognaise-final-1.png 854w, https:\/\/notesdemonjardin.be\/wp-content\/uploads\/2021\/01\/Solognaise-final-1-298x300.png 298w, https:\/\/notesdemonjardin.be\/wp-content\/uploads\/2021\/01\/Solognaise-final-1-150x150.png 150w, https:\/\/notesdemonjardin.be\/wp-content\/uploads\/2021\/01\/Solognaise-final-1-768x773.png 768w\" sizes=\"(max-width: 854px) 100vw, 854px\" \/><\/a><\/figure><div class=\"elementor-image-box-content\"><h3 class=\"elementor-image-box-title\"><a href=\"https:\/\/notesdemonjardin.be\/de\/solognaise\/\">Solognaise<\/a><\/h3><p class=\"elementor-image-box-description\">Pfiffige und delikate Gem\u00fcsebolognese mit Sojaprotein<\/p><\/div><\/div>\t\t\t\t<\/div>\n\t\t\t\t<\/div>\n\t\t\t\t\t<\/div>\n\t\t<\/div>\n\t\t\t\t<div class=\"elementor-column elementor-col-33 elementor-inner-column elementor-element elementor-element-9ac0636\" data-id=\"9ac0636\" data-element_type=\"column\" data-e-type=\"column\">\n\t\t\t<div class=\"elementor-widget-wrap elementor-element-populated\">\n\t\t\t\t\t\t<div class=\"elementor-element elementor-element-225e2f7 ct-ft-2 elementor-position-top elementor-widget elementor-widget-image-box\" data-id=\"225e2f7\" data-element_type=\"widget\" data-e-type=\"widget\" data-widget_type=\"image-box.default\">\n\t\t\t\t<div class=\"elementor-widget-container\">\n\t\t\t\t\t<div class=\"elementor-image-box-wrapper\"><figure class=\"elementor-image-box-img\"><a href=\"https:\/\/notesdemonjardin.be\/de\/ratatouille\/\" tabindex=\"-1\"><img loading=\"lazy\" decoding=\"async\" width=\"864\" height=\"864\" src=\"https:\/\/notesdemonjardin.be\/wp-content\/uploads\/2021\/01\/Ratatouille-blanc-1-1.png\" class=\"attachment-full size-full wp-image-3411\" alt=\"\" srcset=\"https:\/\/notesdemonjardin.be\/wp-content\/uploads\/2021\/01\/Ratatouille-blanc-1-1.png 864w, https:\/\/notesdemonjardin.be\/wp-content\/uploads\/2021\/01\/Ratatouille-blanc-1-1-300x300.png 300w, https:\/\/notesdemonjardin.be\/wp-content\/uploads\/2021\/01\/Ratatouille-blanc-1-1-150x150.png 150w, https:\/\/notesdemonjardin.be\/wp-content\/uploads\/2021\/01\/Ratatouille-blanc-1-1-768x768.png 768w\" sizes=\"(max-width: 864px) 100vw, 864px\" \/><\/a><\/figure><div class=\"elementor-image-box-content\"><h3 class=\"elementor-image-box-title\"><a href=\"https:\/\/notesdemonjardin.be\/de\/ratatouille\/\">Ratatouille<\/a><\/h3><p class=\"elementor-image-box-description\">Ein sonniges Ratatouille, f\u00fcr eine Geschmacksexplosion auf dem Teller<\/p><\/div><\/div>\t\t\t\t<\/div>\n\t\t\t\t<\/div>\n\t\t\t\t\t<\/div>\n\t\t<\/div>\n\t\t\t\t\t<\/div>\n\t\t<\/section>\n\t\t\t\t\t<\/div>\n\t\t<\/div>\n\t\t\t\t\t<\/div>\n\t\t<\/section>\n\t\t\t\t<section class=\"elementor-section elementor-top-section elementor-element elementor-element-a52184d elementor-section-full_width elementor-section-stretched elementor-section-height-default elementor-section-height-default\" data-id=\"a52184d\" data-element_type=\"section\" data-e-type=\"section\" data-settings=\"{&quot;stretch_section&quot;:&quot;section-stretched&quot;,&quot;background_background&quot;:&quot;classic&quot;}\">\n\t\t\t\t\t\t<div class=\"elementor-container elementor-column-gap-no\">\n\t\t\t\t\t<div class=\"elementor-column elementor-col-100 elementor-top-column elementor-element elementor-element-2a2ec51\" data-id=\"2a2ec51\" data-element_type=\"column\" data-e-type=\"column\">\n\t\t\t<div class=\"elementor-widget-wrap\">\n\t\t\t\t\t\t\t<\/div>\n\t\t<\/div>\n\t\t\t\t\t<\/div>\n\t\t<\/section>\n\t\t\t\t<\/div>\n\t\t","protected":false},"excerpt":{"rendered":"<p>Curry mit 12 Gew\u00fcrzenAuswahl an Gem\u00fcse der Saison, delikat gew\u00fcrzt und mit Kokosmilch aromatisiert W\u00fcrziger EintopfGem\u00fcse der Saison, gekocht in einer Br\u00fche mit orientalischen Gew\u00fcrzen, ein Genuss DuxellesFein gehackt begleiten unsere Austernpilze Ihre herbstlichen Kreationen Gem\u00fcsebouqueti\u00e8reEin B\u00fcndel frisches gr\u00fcnes Gem\u00fcse zur Bereicherung Ihrer Beilagen SolognaisePfiffige und delikate Gem\u00fcsebolognese mit Sojaprotein RatatouilleEin sonniges Ratatouille, f\u00fcr eine [&hellip;]<\/p>\n","protected":false},"author":4,"featured_media":0,"parent":0,"menu_order":0,"comment_status":"closed","ping_status":"closed","template":"","meta":{"footnotes":""},"class_list":["post-3407","page","type-page","status-publish","hentry"],"_links":{"self":[{"href":"https:\/\/notesdemonjardin.be\/de\/wp-json\/wp\/v2\/pages\/3407","targetHints":{"allow":["GET"]}}],"collection":[{"href":"https:\/\/notesdemonjardin.be\/de\/wp-json\/wp\/v2\/pages"}],"about":[{"href":"https:\/\/notesdemonjardin.be\/de\/wp-json\/wp\/v2\/types\/page"}],"author":[{"embeddable":true,"href":"https:\/\/notesdemonjardin.be\/de\/wp-json\/wp\/v2\/users\/4"}],"replies":[{"embeddable":true,"href":"https:\/\/notesdemonjardin.be\/de\/wp-json\/wp\/v2\/comments?post=3407"}],"version-history":[{"count":24,"href":"https:\/\/notesdemonjardin.be\/de\/wp-json\/wp\/v2\/pages\/3407\/revisions"}],"predecessor-version":[{"id":3726,"href":"https:\/\/notesdemonjardin.be\/de\/wp-json\/wp\/v2\/pages\/3407\/revisions\/3726"}],"wp:attachment":[{"href":"https:\/\/notesdemonjardin.be\/de\/wp-json\/wp\/v2\/media?parent=3407"}],"curies":[{"name":"wp","href":"https:\/\/api.w.org\/{rel}","templated":true}]}}